{"id":48,"date":"2021-11-16T07:31:01","date_gmt":"2021-11-16T07:31:01","guid":{"rendered":"https:\/\/ltcc.webs.upv.es\/?page_id=48"},"modified":"2021-11-17T07:29:09","modified_gmt":"2021-11-17T07:29:09","slug":"home","status":"publish","type":"page","link":"https:\/\/ltcc.webs.upv.es\/","title":{"rendered":""},"content":{"rendered":"\n<div class=\"wp-block-columns is-layout-flex wp-container-core-columns-is-layout-9d6595d7 wp-block-columns-is-layout-flex\">\n<div class=\"wp-block-column is-layout-flow wp-block-column-is-layout-flow\" style=\"flex-basis:100%\">\n<div class=\"wp-block-columns is-layout-flex wp-container-core-columns-is-layout-9d6595d7 wp-block-columns-is-layout-flex\">\n<div class=\"wp-block-column is-layout-flow wp-block-column-is-layout-flow\">\n<p>The Laboratory of High Frequency Circuits (LCAF) in LTCC Technology is focused on the fabrication of high frequency components and particularly on multi-layer modules in Low Temperature Co-fired Ceramics (LTCC) technology.<\/p>\n\n\n\n<p>LTCC is a key enabling technology for RF\/microwave component miniaturization, millimeter-wave packaging, Multi-Chip-Module (MCM) and System-in-Package (SiP) designs. Furthermore, it is also of great interest in a huge number of applications not strictly related to information and communication technologies as ceramic packaging, highly integrated electronics, microfluidics or sensors.<\/p>\n\n\n\n<p>State-of-the-art equipment is available for providing fabrication services to external customers and supporting research, development and consultancy projects. Our expertise can help you on any of your LTCC needs: from rapid prototyping to samples development or even product technology transference to external foundry services for medium-to-large scale production.<\/p>\n\n\n\n<p>LCAF facilities are located at the Polytechnic City of Innovation, the scientific park of the Universitat Polit\u00e8cnica de Val\u00e8ncia. The lab is a shared initiative between Universitat Polit\u00e8cnica de Val\u00e8ncia, Universitat de Val\u00e8ncia and the Consejo Superior de Investigaciones Cient\u00edficas (CSIC) in the framework of the VLC\/Campus of Excellence.<\/p>\n<\/div>\n<\/div>\n<\/div>\n<\/div>\n","protected":false},"excerpt":{"rendered":"<p>The Laboratory of High Frequency Circuits (LCAF) in LTCC Technology is focused on the fabrication of high frequency components and particularly on multi-layer modules in Low Temperature Co-fired Ceramics (LTCC) technology. LTCC is a key enabling technology for RF\/microwave component miniaturization, millimeter-wave packaging, Multi-Chip-Module (MCM) and System-in-Package (SiP) designs. Furthermore, it is also of great [&hellip;]<\/p>\n","protected":false},"author":1,"featured_media":0,"parent":0,"menu_order":0,"comment_status":"closed","ping_status":"closed","template":"templates\/template-full-width.php","meta":{"footnotes":""},"class_list":["post-48","page","type-page","status-publish","hentry"],"_links":{"self":[{"href":"https:\/\/ltcc.webs.upv.es\/index.php\/wp-json\/wp\/v2\/pages\/48","targetHints":{"allow":["GET"]}}],"collection":[{"href":"https:\/\/ltcc.webs.upv.es\/index.php\/wp-json\/wp\/v2\/pages"}],"about":[{"href":"https:\/\/ltcc.webs.upv.es\/index.php\/wp-json\/wp\/v2\/types\/page"}],"author":[{"embeddable":true,"href":"https:\/\/ltcc.webs.upv.es\/index.php\/wp-json\/wp\/v2\/users\/1"}],"replies":[{"embeddable":true,"href":"https:\/\/ltcc.webs.upv.es\/index.php\/wp-json\/wp\/v2\/comments?post=48"}],"version-history":[{"count":7,"href":"https:\/\/ltcc.webs.upv.es\/index.php\/wp-json\/wp\/v2\/pages\/48\/revisions"}],"predecessor-version":[{"id":61,"href":"https:\/\/ltcc.webs.upv.es\/index.php\/wp-json\/wp\/v2\/pages\/48\/revisions\/61"}],"wp:attachment":[{"href":"https:\/\/ltcc.webs.upv.es\/index.php\/wp-json\/wp\/v2\/media?parent=48"}],"curies":[{"name":"wp","href":"https:\/\/api.w.org\/{rel}","templated":true}]}}